{"id":24,"date":"2025-06-10T10:03:41","date_gmt":"2025-06-10T10:03:41","guid":{"rendered":"https:\/\/cameracaffe.net\/home\/"},"modified":"2026-04-14T11:12:17","modified_gmt":"2026-04-14T11:12:17","slug":"home","status":"publish","type":"page","link":"https:\/\/cameracaffe.net\/en\/","title":{"rendered":"Home"},"content":{"rendered":"<section class=\"bde-section-24-100 bde-section\">\n              \n  \n  \n\t\n  <div class=\"breakdance-swiper-wrapper section-background-slideshow\">\n    <div class=\"swiper\">\n      <!-- Additional required wrapper -->\n      <div class=\"swiper-wrapper\">\n        <!-- Slides -->\n                  <div class=\"swiper-slide\">\n            <div class=\"swiper-slide-item\" style=\"background-image: url(https:\/\/cameracaffe.net\/wp-content\/uploads\/2026\/03\/bb-cameracaffe-arezzo-territorio-piazza-grande-arezzo-06.jpg);\"><\/div>\n          <\/div>\n                  <div class=\"swiper-slide\">\n            <div class=\"swiper-slide-item\" style=\"background-image: url(https:\/\/cameracaffe.net\/wp-content\/uploads\/2026\/03\/bb-cameracaffe-arezzo-camere-comfort-3.jpg);\"><\/div>\n          <\/div>\n                  <div class=\"swiper-slide\">\n            <div class=\"swiper-slide-item\" style=\"background-image: url(https:\/\/cameracaffe.net\/wp-content\/uploads\/2026\/03\/44664039.jpg);\"><\/div>\n          <\/div>\n              <\/div>\n    <\/div>\n  <\/div>\n\n  <div class=\"section-background-overlay\"><\/div>\n\n\n<div class=\"section-container\"><div class=\"bde-columns-24-101 bde-columns\"><div class=\"bde-column-24-103 bde-column\">\n  \n  \n\t\n\n\n\n<h1 class=\"bde-dual-heading-24-106 bde-dual-heading\">\n\n\n            <span data-style=\"primary\" class=\"dual-heading--primary\">Yours<\/span>\n\n            <span data-style=\"secondary\" class=\"dual-heading--secondary\">Magical<\/span>\n\n            <span data-style=\"primary\" class=\"dual-heading--primary\">Stay in Arezzo<\/span>\n\n\n\n<\/h1><div class=\"bde-text-24-319 bde-text\" data-entrance=\"slideRight\">\nCosy rooms in the wonderful historic centre or regenerating peace by the lake.\n<\/div>\n<\/div><\/div><div class=\"bde-icon-24-345 bde-icon\">\n\n    \n                    \n            \n            \n\n    \n    \n    \n    \n    \n    <a class=\"breakdance-link bde-icon-icon breakdance-icon-atom\" href=\"#intro\" target=\"_self\" data-type=\"url\"  >\n\n    \n                    <svg xmlns=\"http:\/\/www.w3.org\/2000\/svg\" viewbox=\"0 0 448 512\"><!--! Font Awesome Free 6.5.1 by @fontawesome - https:\/\/fontawesome.com License - https:\/\/fontawesome.com\/license\/free (Icons: CC BY 4.0, Fonts: SIL OFL 1.1, Code: MIT License) Copyright 2023 Fonticons, Inc. --><path d=\"M201.4 342.6c12.5 12.5 32.8 12.5 45.3 0l160-160c12.5-12.5 12.5-32.8 0-45.3s-32.8-12.5-45.3 0L224 274.7 86.6 137.4c-12.5-12.5-32.8-12.5-45.3 0s-12.5 32.8 0 45.3l160 160z\"\/><\/svg>\n        \n        \n        \n                <\/a>\n\n    \n\n\n<\/div><\/div>\n<\/section><section id=\"intro\" class=\"bde-section-24-359 bde-section\">\n  \n  \n\t\n\n\n\n<div class=\"section-container\"><img decoding=\"async\" class=\"bde-image2-24-360 bde-image2\" src=\"https:\/\/cameracaffe.net\/wp-content\/uploads\/2026\/03\/logo-bbcameracaffe-nero.png\" loading=\"lazy\" srcset=\"https:\/\/cameracaffe.net\/wp-content\/uploads\/2026\/03\/logo-bbcameracaffe-nero.png 1663w, https:\/\/cameracaffe.net\/wp-content\/uploads\/2026\/03\/logo-bbcameracaffe-nero-300x210.png 300w, https:\/\/cameracaffe.net\/wp-content\/uploads\/2026\/03\/logo-bbcameracaffe-nero-1024x717.png 1024w, https:\/\/cameracaffe.net\/wp-content\/uploads\/2026\/03\/logo-bbcameracaffe-nero-768x538.png 768w, https:\/\/cameracaffe.net\/wp-content\/uploads\/2026\/03\/logo-bbcameracaffe-nero-1536x1076.png 1536w, https:\/\/cameracaffe.net\/wp-content\/uploads\/2026\/03\/logo-bbcameracaffe-nero-18x12.png 18w\" sizes=\"(max-width: 1663px) 100vw, 1663px\"><div class=\"bde-div-24-361 bde-div\">\n  \n  \n\t\n\n\n\n<div class=\"bde-text-24-362 bde-text\" data-entrance=\"fade\">\nWelcome to Arezzo.<br>Choose the comfort of our facilities, the welcoming atmosphere and the friendly, attentive hospitality.<br><strong>B&amp;B Cameracaff\u00e8 Central<\/strong>located opposite the station is ideal for experiencing the magic of the city on foot, <br><strong>Cameracaffe Lakeside B&amp;B<\/strong>Surrounded by Tuscan hills, on the banks of a natural pond, near the Tuscan Surgical Centre.\n<\/div>\n<\/div><\/div>\n<\/section><section id=\"intro\" class=\"bde-section-24-125 bde-section\">\n  \n  \n\t\n\n\n\n<div class=\"section-container\"><div class=\"bde-columns-24-151 bde-columns\"><div class=\"bde-column-24-152 bde-column\">\n  \n  \n\t\n\n\n\n<div class=\"bde-image-24-154 bde-image\" data-entrance=\"fade\">\n<figure class=\"breakdance-image breakdance-image--441\">\n\t<div class=\"breakdance-image-container\">\n\t\t<div class=\"breakdance-image-clip\"><img loading=\"lazy\" decoding=\"async\" class=\"breakdance-image-object\" src=\"https:\/\/cameracaffe.net\/wp-content\/uploads\/2026\/04\/bb-cameracaffe-arezzo-centro-esterni-b-1-box-768x480.jpg\" width=\"768\" height=\"480\" srcset=\"https:\/\/cameracaffe.net\/wp-content\/uploads\/2026\/04\/bb-cameracaffe-arezzo-centro-esterni-b-1-box.jpg 1200w, https:\/\/cameracaffe.net\/wp-content\/uploads\/2026\/04\/bb-cameracaffe-arezzo-centro-esterni-b-1-box-300x188.jpg 300w, https:\/\/cameracaffe.net\/wp-content\/uploads\/2026\/04\/bb-cameracaffe-arezzo-centro-esterni-b-1-box-1024x640.jpg 1024w, https:\/\/cameracaffe.net\/wp-content\/uploads\/2026\/04\/bb-cameracaffe-arezzo-centro-esterni-b-1-box-768x480.jpg 768w, https:\/\/cameracaffe.net\/wp-content\/uploads\/2026\/04\/bb-cameracaffe-arezzo-centro-esterni-b-1-box-18x12.jpg 18w\" sizes=\"auto, (max-width: 1200px) 100vw, 1200px\"><\/div>\n\t<\/div><\/figure>\n\n<\/div><h2 class=\"bde-dual-heading-24-156 bde-dual-heading\">\n\n\n            <span data-style=\"primary\" class=\"dual-heading--primary\">B&amp;B Cameracaff\u00e8<\/span>\n\n            <span data-style=\"secondary\" class=\"dual-heading--secondary\">Centro<\/span>\n\n\n\n<\/h2><div class=\"bde-text-24-158 bde-text\">\nWe are on the sixth and fourth floors, with a lift, of a building in the heart of the city of Arezzo, a stone's throw from the historic centre. <br>The strategic location allows you to comfortably visit the city on foot, the main museums, churches, historic squares, Corso Italia with its shops and boutiques.<br>Guests have at their disposal a <strong>spacious terrace with views of the historic centre<\/strong>.<br>\n<\/div><div class=\"bde-button-24-159 bde-button\">\n    \n                                    \n    \n    \n    \n    \n            \n                    \n            \n            \n\n    \n    \n    \n    \n    \n    <a class=\"breakdance-link button-atom button-atom--primary bde-button__button\" href=\"https:\/\/cameracaffe.net\/en\/camera-caffe-centro\/\" target=\"_self\" data-type=\"url\"  >\n\n    \n        <span class=\"button-atom__text\">Find out more<\/span>\n\n        \n        \n                <\/a>\n\n    \n\n\n<\/div>\n<\/div><div class=\"bde-column-24-153 bde-column\">\n  \n  \n\t\n\n\n\n<div class=\"bde-image-24-354 bde-image\" data-entrance=\"fade\">\n<figure class=\"breakdance-image breakdance-image--402\">\n\t<div class=\"breakdance-image-container\">\n\t\t<div class=\"breakdance-image-clip\"><img loading=\"lazy\" decoding=\"async\" class=\"breakdance-image-object\" src=\"https:\/\/cameracaffe.net\/wp-content\/uploads\/2026\/03\/bb-cameracaffe-sul-lago-arezzo-camere-05-768x480.jpg\" width=\"768\" height=\"480\" srcset=\"https:\/\/cameracaffe.net\/wp-content\/uploads\/2026\/03\/bb-cameracaffe-sul-lago-arezzo-camere-05.jpg 1200w, https:\/\/cameracaffe.net\/wp-content\/uploads\/2026\/03\/bb-cameracaffe-sul-lago-arezzo-camere-05-300x188.jpg 300w, https:\/\/cameracaffe.net\/wp-content\/uploads\/2026\/03\/bb-cameracaffe-sul-lago-arezzo-camere-05-1024x640.jpg 1024w, https:\/\/cameracaffe.net\/wp-content\/uploads\/2026\/03\/bb-cameracaffe-sul-lago-arezzo-camere-05-768x480.jpg 768w, https:\/\/cameracaffe.net\/wp-content\/uploads\/2026\/03\/bb-cameracaffe-sul-lago-arezzo-camere-05-18x12.jpg 18w\" sizes=\"auto, (max-width: 1200px) 100vw, 1200px\"><\/div>\n\t<\/div><\/figure>\n\n<\/div><h2 class=\"bde-dual-heading-24-349 bde-dual-heading\">\n\n\n            <span data-style=\"primary\" class=\"dual-heading--primary\">B&amp;B Cameracaff\u00e8<\/span>\n\n            <span data-style=\"secondary\" class=\"dual-heading--secondary\">Sul Lago<\/span>\n\n\n\n<\/h2><div class=\"bde-text-24-351 bde-text\">\nLocated right in front of the <strong>Tuscan Surgical Centre<\/strong> and immersed in the relaxing nature of the Arezzo hills. It boasts practical car access with ample parking and special services for guests such as a fabulous refreshment area in the fenced garden and a very convenient shuttle.\n<\/div><div class=\"bde-button-24-352 bde-button\">\n    \n                                    \n    \n    \n    \n    \n            \n                    \n            \n            \n\n    \n    \n    \n    \n    \n    <a class=\"breakdance-link button-atom button-atom--primary bde-button__button\" href=\"https:\/\/cameracaffe.net\/en\/camera-caffe-sul-lago\/\" target=\"_self\" data-type=\"url\"  >\n\n    \n        <span class=\"button-atom__text\">Find out more<\/span>\n\n        \n        \n                <\/a>\n\n    \n\n\n<\/div>\n<\/div><\/div><\/div>\n<\/section><section class=\"bde-section-24-209 bde-section\">\n              \n  \n  \n\t\n\n  <div class=\"section-background-overlay\"><\/div>\n\n\n<div class=\"section-container\"><h2 class=\"bde-dual-heading-24-214 bde-dual-heading\">\n\n\n            <span data-style=\"primary\" class=\"dual-heading--primary\">Come and visit us in the<\/span>\n\n            <span data-style=\"secondary\" class=\"dual-heading--secondary\">Heart of Arezzo!<\/span>\n\n\n\n<\/h2><\/div>\n<\/section>","protected":false},"excerpt":{"rendered":"<p>Il tuo magico soggiorno ad Arezzo Camere accoglienti nel meraviglioso centro storico o pace rigenerante davanti al lago. Benvenuto ad Arezzo.Scegli il comfort delle nostre strutture, l\u2019atmosfera accogliente e l\u2019ospitalit\u00e0 familiare e premurosa.B&#038;B Cameracaff\u00e8 Centro, situato di fronte alla stazione \u00e8 ideale per vivere la magia della citt\u00e0 comodamente a piedi, B&#038;B Cameracaffe Sul Lago, [&hellip;]<\/p>","protected":false},"author":2,"featured_media":0,"parent":0,"menu_order":1,"comment_status":"closed","ping_status":"closed","template":"","meta":{"_breakdance_hide_in_design_set":false,"_breakdance_tags":"","footnotes":""},"class_list":["post-24","page","type-page","status-publish","hentry"],"_links":{"self":[{"href":"https:\/\/cameracaffe.net\/en\/wp-json\/wp\/v2\/pages\/24","targetHints":{"allow":["GET"]}}],"collection":[{"href":"https:\/\/cameracaffe.net\/en\/wp-json\/wp\/v2\/pages"}],"about":[{"href":"https:\/\/cameracaffe.net\/en\/wp-json\/wp\/v2\/types\/page"}],"author":[{"embeddable":true,"href":"https:\/\/cameracaffe.net\/en\/wp-json\/wp\/v2\/users\/2"}],"replies":[{"embeddable":true,"href":"https:\/\/cameracaffe.net\/en\/wp-json\/wp\/v2\/comments?post=24"}],"version-history":[{"count":133,"href":"https:\/\/cameracaffe.net\/en\/wp-json\/wp\/v2\/pages\/24\/revisions"}],"predecessor-version":[{"id":454,"href":"https:\/\/cameracaffe.net\/en\/wp-json\/wp\/v2\/pages\/24\/revisions\/454"}],"wp:attachment":[{"href":"https:\/\/cameracaffe.net\/en\/wp-json\/wp\/v2\/media?parent=24"}],"curies":[{"name":"wp","href":"https:\/\/api.w.org\/{rel}","templated":true}]}}